{"id":3,"date":"2019-01-07T20:54:41","date_gmt":"2019-01-07T19:54:41","guid":{"rendered":"http:\/\/www.ic-carmen-friedl.de\/cf2019\/?page_id=3"},"modified":"2023-12-31T13:48:39","modified_gmt":"2023-12-31T12:48:39","slug":"datenschutzerklaerung","status":"publish","type":"page","link":"https:\/\/www.ic-carmen-friedl.de\/cf2019\/datenschutzerklaerung\/","title":{"rendered":"Datenschutzerkl\u00e4rung"},"content":{"rendered":"<p class=\"auto-style13\"><span style=\"font-family: trebuchet ms, geneva, sans-serif;\"><strong>Allgemeine Hinweise<\/strong><\/span><\/p>\r\n<p class=\"auto-style13\"><span style=\"font-family: trebuchet ms, geneva, sans-serif;\">Die folgenden Hinweise geben einen \u00dcberblick dar\u00fcber, was mit Ihren personenbezogenen Daten passiert, wenn Sie unsere Website besuchen. Personenbezogene Daten sind alle Daten, mit denen Sie pers\u00f6nlich identifiziert werden k\u00f6nnen. Ausf\u00fchrliche Informationen zum Thema Datenschutz entnehmen Sie unserer unter diesem Text aufgef\u00fchrten Datenschutzerkl\u00e4rung.<\/span><\/p>\r\n<p class=\"auto-style13\"><span style=\"font-family: trebuchet ms, geneva, sans-serif;\"><strong>Datenerfassung auf unserer Website<\/strong><\/span><\/p>\r\n<p class=\"auto-style13\"><span style=\"font-family: trebuchet ms, geneva, sans-serif;\">Die Datenverarbeitung auf dieser Website erfolgt durch den Websitebetreiber. Dessen Kontaktdaten k\u00f6nnen Sie dem Impressum dieser Website entnehmen.<\/span><\/p>\r\n<p class=\"auto-style13\"><span style=\"font-family: trebuchet ms, geneva, sans-serif;\"><strong>Wie erfassen wir Ihre Daten<\/strong><\/span><\/p>\r\n<p class=\"auto-style13\"><span style=\"font-family: trebuchet ms, geneva, sans-serif;\">Daten werden automatisch durch die IT-Systeme unseres Website-Providers (1&amp;1.de) erfasst, sobald Sie unsere Website besuchen. Das sind vor allem technische Daten (z.B. IP-Adresse, Internetbrowser, Betriebssystem, abgerufene URL\/Datei, oder Uhrzeit und Datenmenge des Seitenaufrufs).<\/span><\/p>\r\n<p class=\"auto-style13\"><span style=\"font-family: trebuchet ms, geneva, sans-serif;\"><strong>Wof\u00fcr nutzen wir Ihre Daten?<\/strong><\/span><\/p>\r\n<p class=\"auto-style13\"><span style=\"font-family: trebuchet ms, geneva, sans-serif;\">Ein Teil der Daten wird erhoben, um eine fehlerfreie Bereitstellung der Website zu gew\u00e4hrleisten und kann zur Analyse Ihres Nutzerverhaltens verwendet werden.<\/span><\/p>\r\n<p class=\"auto-style13\"><span style=\"font-family: trebuchet ms, geneva, sans-serif;\"><strong>Welche Rechte haben Sie bez\u00fcglich Ihrer Daten?<\/strong><\/span><\/p>\r\n<p class=\"auto-style13\"><span style=\"font-family: trebuchet ms, geneva, sans-serif;\">Sie haben jederzeit das Recht unentgeltlich Auskunft \u00fcber Herkunft, Empf\u00e4nger und Zweck Ihrer gespeicherten<\/span><br \/><span style=\"font-family: trebuchet ms, geneva, sans-serif;\">personenbezogenen Daten zu erhalten sowie die Rechte auf Berichtigung, Sperrung oder L\u00f6schung dieser Daten zu fordern. Hierzu sowie zu weiteren Fragen zum Thema Datenschutz k\u00f6nnen Sie sich jederzeit unter der im Impressum angegebenen Adresse an uns wenden. Des Weiteren steht Ihnen ein Beschwerderecht bei der zust\u00e4ndigen Aufsichtsbeh\u00f6rde zu.<\/span><\/p>\r\n<p class=\"auto-style13\"><span style=\"font-family: trebuchet ms, geneva, sans-serif;\"><strong>Analyse-Tools und Tools von Drittanbietern<\/strong><\/span><\/p>\r\n<p class=\"auto-style13\"><span style=\"font-family: trebuchet ms, geneva, sans-serif;\">Beim Besuch unserer Website kann Ihr Surf-Verhalten statistisch ausgewertet werden, was vor allem mit Cookies und mit sogenannten Analyseprogrammen geschiet. Die Analyse Ihres Surf-Verhaltens erfolgt in der Regel anonym; und kann nicht zu Ihnen zur\u00fcckverfolgt werden. Sie k\u00f6nnen dieser Analyse widersprechen oder sie durch die Nichtbenutzung bestimmter Tools verhindern. Detaillierte Informationen dazu finden Sie in nachfolgender Datenschutzerkl\u00e4rung.<\/span><br \/><span style=\"font-family: trebuchet ms, geneva, sans-serif;\">Sie k\u00f6nnen dieser Analyse widersprechen. \u00dcber Widerspruchsm\u00f6glichkeiten werden wir Sie in dieser Datenschutzerkl\u00e4rung informieren.<\/span><\/p>\r\n<p class=\"auto-style13\">\u00a0<\/p>\r\n<p class=\"auto-style13\"><span style=\"font-family: trebuchet ms, geneva, sans-serif;\">ALLGEMEINE HINWEISE UND PFLICHTINFORMATIONEN<\/span><\/p>\r\n<p class=\"auto-style13\"><span style=\"font-family: trebuchet ms, geneva, sans-serif;\"><strong>Datenschutz<\/strong><\/span><\/p>\r\n<p class=\"auto-style13\"><span style=\"font-family: trebuchet ms, geneva, sans-serif;\">Die Betreiber dieser Seiten nehmen den Schutz Ihrer pers\u00f6nlichen Daten sehr ernst, indem wir Ihre personenbezogenen Daten vertraulich und entsprechend der gesetzlichen Datenschutzvorschriften sowie dieser Datenschutzerkl\u00e4rung behandeln.<\/span><br \/><span style=\"font-family: trebuchet ms, geneva, sans-serif;\">Wenn Sie diese Website benutzen, werden verschiedene personenbezogene Daten erhoben, also Daten, mit denen Sie pers\u00f6nlich identifiziert werden k\u00f6nnen. Die vorliegende Datenschutzerkl\u00e4rung erl\u00e4utert, welche Daten wir erheben, wof\u00fcr wir sie nutzen und zu welchem Zweck das geschieht.<\/span><br \/><span style=\"font-family: trebuchet ms, geneva, sans-serif;\">Wir weisen darauf hin, dass die Daten\u00fcbertragung im Internet (z.B. bei der Kommunikation per E-Mail) Sicherheitsl\u00fccken aufweisen kann. Ein l\u00fcckenloser Schutz der Daten vor dem Zugriff durch Dritte ist nicht m\u00f6glich.<\/span><br \/><span style=\"font-family: trebuchet ms, geneva, sans-serif;\">Hinweis zur verantwortlichen Stelle<\/span><br \/><span style=\"font-family: trebuchet ms, geneva, sans-serif;\">Die verantwortliche Stelle f\u00fcr die Datenverarbeitung auf dieser Website ist:<\/span><\/p>\r\n<p class=\"auto-style13\"><span style=\"font-family: trebuchet ms, geneva, sans-serif;\">Intercoiffure Carmen Friedl<\/span><br \/><span style=\"font-family: trebuchet ms, geneva, sans-serif;\">Alter Hammelberg 5<\/span><br \/><span style=\"font-family: trebuchet ms, geneva, sans-serif;\">86356 Neus\u00e4\u00df<\/span><br \/><br \/><span style=\"font-family: trebuchet ms, geneva, sans-serif;\">Tel.: 0821 46 85 55<\/span><br \/><span style=\"font-family: trebuchet ms, geneva, sans-serif;\">E-Mail: <a href=\"mailto:ic-carmen-friedl@web.de\"> <span class=\"auto-style10\">ic-carmen-friedl@web.de<\/span><\/a><\/span><\/p>\r\n<p class=\"auto-style13\"><span style=\"font-family: trebuchet ms, geneva, sans-serif;\">Verantwortliche Person: Frau Carmen Friedl<\/span><\/p>\r\n<p>&nbsp;<\/p>\r\n<p><strong><span style=\"font-family: trebuchet ms, geneva, sans-serif;\">Link zum \u00c4ndern Ihrer Privatsph\u00e4re-Einstellungen<\/span><\/strong><\/p>\r\n<p><span style=\"font-family: trebuchet ms, geneva, sans-serif;\"><a  href=\"#consent-change\" role=\"button\" id=\"rcb-sc-link-change\" data-success-message=\"\" class=\"rcb-sc-link rcb-sc-link-change \">Privatsph\u00e4re-Einstellungen \u00e4ndern<\/a><\/span><\/p>\r\n<p>&nbsp;<\/p>\r\n<p><strong><span style=\"font-family: trebuchet ms, geneva, sans-serif;\">Link zur Einsicht in die Historie der Privatsph\u00e4re-Einstellungen<\/span><\/strong><\/p>\r\n<p><span style=\"font-family: trebuchet ms, geneva, sans-serif;\"><a  href=\"#consent-history\" role=\"button\" id=\"rcb-sc-link-history\" data-success-message=\"\" class=\"rcb-sc-link rcb-sc-link-history \">Historie der Privatsph\u00e4re-Einstellungen<\/a><\/span><\/p>\r\n<p>&nbsp;<\/p>\r\n<p><strong><span style=\"font-family: trebuchet ms, geneva, sans-serif;\">Link zum Widerruf Ihrer Einwilligung<\/span><\/strong><\/p>\r\n<p><span style=\"font-family: trebuchet ms, geneva, sans-serif;\"><a  href=\"#consent-revoke\" role=\"button\" id=\"rcb-sc-link-revoke\" data-success-message=\"Du hast die Einwilligung erfolgreich widerrufen. Die Seite wird nun neu geladen.\" class=\"rcb-sc-link rcb-sc-link-revoke \">Einwilligungen widerrufen<\/a><\/span><\/p>\r\n<p class=\"auto-style13\">\u00a0<\/p>\r\n<p class=\"auto-style13\"><span style=\"font-family: trebuchet ms, geneva, sans-serif;\"><strong>Widerruf Ihrer Einwilligung zur Datenverarbeitung<\/strong><\/span><\/p>\r\n<p class=\"auto-style13\"><span style=\"font-family: trebuchet ms, geneva, sans-serif;\">Viele Datenverarbeitungsvorg\u00e4nge sind nur mit Ihrer ausdr\u00fccklichen Einwilligung m\u00f6glich. Bereits erteilte Einwilligung k\u00f6nnen Sie jederzeit widerrufen. Hierzu reicht z.B. eine formlose Mitteilung per E-Mail an uns. Die Rechtm\u00e4\u00dfigkeit der bis zum Widerruf erfolgten Datenverarbeitung bleibt vom Widerruf unber\u00fchrt.<\/span><\/p>\r\n<p class=\"auto-style13\"><span style=\"font-family: trebuchet ms, geneva, sans-serif;\"><strong>Beschwerderecht bei der zust\u00e4ndigen Aufsichtsbeh\u00f6rde<\/strong><\/span><\/p>\r\n<p class=\"auto-style13\"><span style=\"font-family: trebuchet ms, geneva, sans-serif;\">Im Falle datenschutzrechtlicher Verst\u00f6\u00dfe steht dem Betroffenen ein Beschwerderecht bei der zust\u00e4ndigen<\/span><br \/><span style=\"font-family: trebuchet ms, geneva, sans-serif;\">Aufsichtsbeh\u00f6rde zu. Zust\u00e4ndige Aufsichtsbeh\u00f6rde ist der Landesdatenschutzbeauftragte des Bundeslandes, in dem unser Unternehmen seinen Sitz hat.<\/span><\/p>\r\n<p class=\"auto-style13\"><span style=\"font-family: trebuchet ms, geneva, sans-serif;\"><strong>Recht auf Daten\u00fcbertragbarkeit<\/strong><\/span><\/p>\r\n<p class=\"auto-style13\"><span style=\"font-family: trebuchet ms, geneva, sans-serif;\">Sie haben das Recht, Daten, die wir auf Grundlage Ihrer Einwilligung oder in Erf\u00fcllung eines Vertrags automatisiert verarbeiten, an sich oder an einen Dritten in einem g\u00e4ngigen, maschinenlesbaren Format aush\u00e4ndigen zu lassen.<\/span><br \/><span style=\"font-family: trebuchet ms, geneva, sans-serif;\">Sofern Sie die direkte \u00dcbertragung der Daten an einen anderen Verantwortlichen verlangen, erfolgt dies nur, soweit es technisch machbar ist.<\/span><\/p>\r\n<p class=\"auto-style13\"><span style=\"font-family: trebuchet ms, geneva, sans-serif;\"><strong>Recht auf Auskunft, L\u00f6schung, Sperrung<\/strong><\/span><\/p>\r\n<p class=\"auto-style14\"><span class=\"auto-style15\" style=\"font-family: trebuchet ms, geneva, sans-serif;\">Sie haben jederzeit das Recht, unentgeltlich Auskunft \u00fcber Ihre gespeicherten personenbezogenen Daten, deren<br \/>Herkunft und Empf\u00e4nger und den Zweck der Datenverarbeitung, auf Berichtigung, Sperrung oder L\u00f6schung ihrer Daten zu verlangen. Hierzu sowie zu weiteren Fragen zum Thema personenbezogene Daten k\u00f6nnen Sie sich jederzeit unter der im Impressum angegebenen Adresse an uns wenden.<\/span><\/p>\r\n<p class=\"auto-style16\"><span style=\"font-family: trebuchet ms, geneva, sans-serif;\"><strong>Widerspruch Werbe-Mails<\/strong><\/span><\/p>\r\n<p class=\"auto-style13\"><span style=\"font-family: trebuchet ms, geneva, sans-serif;\">Der Nutzung von im Rahmen der Impressumspflicht ver\u00f6ffentlichten Kontaktdaten zur \u00dcbersendung von nicht<\/span><br \/><span style=\"font-family: trebuchet ms, geneva, sans-serif;\">ausdr\u00fccklich angeforderter Werbung und Informationsmaterialien wird hiermit widersprochen. Die Betreiber der Seiten behalten sich ausdr\u00fccklich rechtliche Schritte im Falle der unverlangten Zusendung von Werbeinformationen, etwa durch Spam-E-Mails, vor.<\/span><\/p>\r\n<p class=\"auto-style13\">\u00a0<\/p>\r\n<p class=\"auto-style13\"><span style=\"font-family: trebuchet ms, geneva, sans-serif;\">DATENERFASSUNG AUF UNSERER WEBSITE<\/span><\/p>\r\n<p class=\"auto-style13\"><span style=\"font-family: trebuchet ms, geneva, sans-serif;\"><strong>Server-Log-Files<\/strong><\/span><\/p>\r\n<p class=\"auto-style13\"><span style=\"font-family: trebuchet ms, geneva, sans-serif;\">Der Provider der Seiten erhebt und speichert automatisch Informationen in so genannten Server-Log Files, die Ihr<\/span><br \/><span style=\"font-family: trebuchet ms, geneva, sans-serif;\">Browser automatisch an uns \u00fcbermittelt. Dies sind:<\/span><br \/><span style=\"font-family: trebuchet ms, geneva, sans-serif;\">&#8211; Browsertyp und Browserversion<\/span><br \/><span style=\"font-family: trebuchet ms, geneva, sans-serif;\">&#8211; verwendetes Betriebssystem<\/span><br \/><span style=\"font-family: trebuchet ms, geneva, sans-serif;\">&#8211; Referrer URL<\/span><br \/><span style=\"font-family: trebuchet ms, geneva, sans-serif;\">&#8211; Hostname des zugreifenden Rechners<\/span><br \/><span style=\"font-family: trebuchet ms, geneva, sans-serif;\">&#8211; Uhrzeit der Serveranfrage<\/span><br \/><span style=\"font-family: trebuchet ms, geneva, sans-serif;\">&#8211; IP-Adresse<\/span><br \/><span style=\"font-family: trebuchet ms, geneva, sans-serif;\">Diese Daten sind nicht bestimmten Personen zuordenbar und eine Zusammenf\u00fchrung dieser Daten mit anderen<\/span><br \/><span style=\"font-family: trebuchet ms, geneva, sans-serif;\">Datenquellen wird nicht vorgenommen. Wir behalten uns vor, diese Daten nachtr\u00e4glich zu pr\u00fcfen, wenn uns konkrete Anhaltspunkte f\u00fcr eine rechtswidrige Nutzung bekannt werden.<\/span><br \/><span style=\"font-family: trebuchet ms, geneva, sans-serif;\">Grundlage f\u00fcr die Datenverarbeitung ist Art. 6 Abs. 1 lit. b DSGVO, der die Verarbeitung von Daten zur Erf\u00fcllung eines Vertrags oder vorvertraglicher Ma\u00dfnahmen gestattet.<\/span><\/p>\r\n<p>&nbsp;<\/p>\r\n<p><strong>Cookies<\/strong><\/p>\r\n<p><span style=\"font-family: trebuchet ms, geneva, sans-serif;\">Zur Verwaltung der eingesetzten Cookies und \u00e4hnlichen Technologien (Tracking-Pixel, Web-Beacons etc.) und diesbez\u00fcglicher Einwilligungen setzen wir das Consent Tool &#8222;Real Cookie Banner&#8220; ein. Details zur Funktionsweise von &#8222;Real Cookie Banner&#8220; findest du unter &lt;a href=&#8220;https:\/\/devowl.io\/de\/rcb\/datenverarbeitung\/&#8220; rel=&#8220;noreferrer&#8220; target=&#8220;_blank&#8220;&gt;https:\/\/devowl.io\/de\/rcb\/datenverarbeitung\/&lt;\/a&gt;.<\/span><\/p>\r\n<p><span style=\"font-family: trebuchet ms, geneva, sans-serif;\">Rechtsgrundlagen f\u00fcr die Verarbeitung von personenbezogenen Daten in diesem Zusammenhang sind Art. 6 Abs. 1 lit. c DS-GVO und Art. 6 Abs. 1 lit. f DS-GVO. Unser berechtigtes Interesse ist die Verwaltung der eingesetzten Cookies und \u00e4hnlichen Technologien und der diesbez\u00fcglichen Einwilligungen.<\/span><\/p>\r\n<p><span style=\"font-family: trebuchet ms, geneva, sans-serif;\">Die Bereitstellung der personenbezogenen Daten ist weder vertraglich vorgeschrieben noch f\u00fcr den Abschluss eines Vertrages notwendig. Du bist nicht verpflichtet die personenbezogenen Daten bereitzustellen. Wenn du die personenbezogenen Daten nicht bereitstellst, k\u00f6nnen wir deine Einwilligungen nicht verwalten.<\/span><\/p>\r\n<p>&nbsp;<\/p>\r\n","protected":false},"excerpt":{"rendered":"<p>Allgemeine Hinweise Die folgenden Hinweise geben einen \u00dcberblick dar\u00fcber, was mit Ihren personenbezogenen Daten passiert, wenn Sie unsere Website besuchen. Personenbezogene Daten sind alle Daten, mit denen Sie pers\u00f6nlich identifiziert werden k\u00f6nnen. Ausf\u00fchrliche Informationen zum Thema Datenschutz entnehmen Sie unserer unter diesem Text aufgef\u00fchrten Datenschutzerkl\u00e4rung. Datenerfassung auf unserer Website Die Datenverarbeitung auf dieser Website erfolgt [&hellip;]<\/p>\n","protected":false},"author":1,"featured_media":0,"parent":0,"menu_order":0,"comment_status":"closed","ping_status":"open","template":"","meta":{"footnotes":""},"class_list":["post-3","page","type-page","status-publish","hentry","entry"],"_links":{"self":[{"href":"https:\/\/www.ic-carmen-friedl.de\/cf2019\/wp-json\/wp\/v2\/pages\/3","targetHints":{"allow":["GET"]}}],"collection":[{"href":"https:\/\/www.ic-carmen-friedl.de\/cf2019\/wp-json\/wp\/v2\/pages"}],"about":[{"href":"https:\/\/www.ic-carmen-friedl.de\/cf2019\/wp-json\/wp\/v2\/types\/page"}],"author":[{"embeddable":true,"href":"https:\/\/www.ic-carmen-friedl.de\/cf2019\/wp-json\/wp\/v2\/users\/1"}],"replies":[{"embeddable":true,"href":"https:\/\/www.ic-carmen-friedl.de\/cf2019\/wp-json\/wp\/v2\/comments?post=3"}],"version-history":[{"count":6,"href":"https:\/\/www.ic-carmen-friedl.de\/cf2019\/wp-json\/wp\/v2\/pages\/3\/revisions"}],"predecessor-version":[{"id":776,"href":"https:\/\/www.ic-carmen-friedl.de\/cf2019\/wp-json\/wp\/v2\/pages\/3\/revisions\/776"}],"wp:attachment":[{"href":"https:\/\/www.ic-carmen-friedl.de\/cf2019\/wp-json\/wp\/v2\/media?parent=3"}],"curies":[{"name":"wp","href":"https:\/\/api.w.org\/{rel}","templated":true}]}}