{"id":34,"date":"2019-01-21T20:00:31","date_gmt":"2019-01-21T19:00:31","guid":{"rendered":"http:\/\/www.ic-carmen-friedl.de\/cf2019\/?page_id=34"},"modified":"2026-03-01T16:01:31","modified_gmt":"2026-03-01T15:01:31","slug":"intercoiffure-carmen-friedl-friseur-styling-make-up-in-neusaess","status":"publish","type":"page","link":"https:\/\/www.ic-carmen-friedl.de\/cf2019\/","title":{"rendered":"Intercoiffure Carmen Friedl &#8211; Friseur Salon Neus\u00e4\u00df"},"content":{"rendered":"<h1 style=\"text-align: center;\"><span style=\"font-family: 'trebuchet ms', geneva, sans-serif;\">Friseur<strong> in Neus\u00e4\u00df f\u00fcr moderne Stylings, Balayage &amp; Make-up<\/strong><\/span><\/h1>\n<p><!--more--><\/p>\n<hr \/>\n<p><img loading=\"lazy\" decoding=\"async\" class=\"alignnone size-large wp-image-911\" src=\"https:\/\/www.ic-carmen-friedl.de\/cf2019\/wp-content\/uploads\/2025\/10\/Theke-Logo_weich_900-br-1024x432.jpg\" alt=\"\" width=\"1024\" height=\"432\" srcset=\"https:\/\/www.ic-carmen-friedl.de\/cf2019\/wp-content\/uploads\/2025\/10\/Theke-Logo_weich_900-br-1024x432.jpg 1024w, https:\/\/www.ic-carmen-friedl.de\/cf2019\/wp-content\/uploads\/2025\/10\/Theke-Logo_weich_900-br-1536x648.jpg 1536w, https:\/\/www.ic-carmen-friedl.de\/cf2019\/wp-content\/uploads\/2025\/10\/Theke-Logo_weich_900-br-2048x865.jpg 2048w, https:\/\/www.ic-carmen-friedl.de\/cf2019\/wp-content\/uploads\/2025\/10\/Theke-Logo_weich_900-br-300x127.jpg 300w, https:\/\/www.ic-carmen-friedl.de\/cf2019\/wp-content\/uploads\/2025\/10\/Theke-Logo_weich_900-br-768x324.jpg 768w\" sizes=\"auto, (max-width: 1024px) 100vw, 1024px\" \/><\/p>\n<hr \/>\n<p class=\"p1\" style=\"text-align: center;\"><span style=\"font-family: 'trebuchet ms', geneva, sans-serif;\"><strong><span class=\"s1\" style=\"font-size: 14pt;\"><span style=\"font-size: 18pt;\">Herzlich Willkommen in deinem Friseursalon<\/span><\/span><\/strong><\/span><\/p>\n<p class=\"p1\" style=\"text-align: center;\"><span style=\"font-size: 18pt;\"><strong><span style=\"font-family: 'trebuchet ms', geneva, sans-serif;\"><span class=\"s1\"><em>Intercoiffure Carmen Friedl <\/em><\/span><\/span><\/strong><\/span><\/p>\n<p class=\"p1\" style=\"text-align: center;\"><span style=\"font-family: 'trebuchet ms', geneva, sans-serif; font-size: 18pt;\"><strong><span class=\"s1\">in Neus\u00e4\u00df!<\/span><\/strong><\/span><\/p>\n<p style=\"text-align: center;\"><span style=\"font-family: 'trebuchet ms', geneva, sans-serif; font-size: 14pt;\">Ein Friseurbesuch ist Vertrauenssache. Deshalb legen wir gro\u00dfen Wert auf individuelle Beratung und saubere hochwertige Arbeit.<\/span><\/p>\n<p style=\"text-align: center;\"><span style=\"font-size: 14pt;\">Unser Ziel ist noch nicht nur ein sch\u00f6nes Ergebnis im Salon, sondern Haare, mit denen du dich auch zu Hause wohl f\u00fchlst.<\/span><\/p>\n<p style=\"text-align: center;\"><a style=\"font-size: 18pt;\" href=\"https:\/\/www.studiobookr.com\/intercoiffure-carmen-friedl-67286\"><span style=\"font-family: 'trebuchet ms', geneva, sans-serif;\">Jetzt Wunschtermin online buchen!<\/span><\/a><\/p>\n<p><a href=\"https:\/\/www.ic-carmen-friedl.de\/cf2019\/salon\/\"><img loading=\"lazy\" decoding=\"async\" class=\"alignnone wp-image-1016 size-large\" src=\"https:\/\/www.ic-carmen-friedl.de\/cf2019\/wp-content\/uploads\/2026\/03\/IMG_0652-scaled-e1772373302195-909x1024.jpeg\" alt=\"Friseur Neus\u00e4\u00df Intercoiffure Carmen Friedl Friseursalon Styling Make-up\" width=\"909\" height=\"1024\" srcset=\"https:\/\/www.ic-carmen-friedl.de\/cf2019\/wp-content\/uploads\/2026\/03\/IMG_0652-scaled-e1772373302195-909x1024.jpeg 909w, https:\/\/www.ic-carmen-friedl.de\/cf2019\/wp-content\/uploads\/2026\/03\/IMG_0652-scaled-e1772373302195-1364x1536.jpeg 1364w, https:\/\/www.ic-carmen-friedl.de\/cf2019\/wp-content\/uploads\/2026\/03\/IMG_0652-scaled-e1772373302195-266x300.jpeg 266w, https:\/\/www.ic-carmen-friedl.de\/cf2019\/wp-content\/uploads\/2026\/03\/IMG_0652-scaled-e1772373302195-768x865.jpeg 768w, https:\/\/www.ic-carmen-friedl.de\/cf2019\/wp-content\/uploads\/2026\/03\/IMG_0652-scaled-e1772373302195.jpeg 1800w\" sizes=\"auto, (max-width: 909px) 100vw, 909px\" \/><\/a><\/p>\n<hr \/>\n<table style=\"width: 99.042146%; border-collapse: collapse; border-style: none; height: 643px;\">\n<tbody>\n<tr style=\"height: 91px;\">\n<td style=\"width: 100%; text-align: center; border-style: none; height: 91px;\">\n<p style=\"text-align: center;\"><a href=\"https:\/\/www.ic-carmen-friedl.de\/cf2019\/team\/\"><span style=\"text-decoration: underline; font-size: 36pt;\"><span style=\"font-family: trebuchet ms, geneva, sans-serif;\"><span style=\"font-size: 24pt;\">Unser Team<\/span><\/span><\/span><\/a><a href=\"https:\/\/www.ic-carmen-friedl.de\/cf2019\/team\/\"><img loading=\"lazy\" decoding=\"async\" class=\"aligncenter wp-image-956 size-large\" src=\"https:\/\/www.ic-carmen-friedl.de\/cf2019\/wp-content\/uploads\/2025\/11\/Intercoiffure-Carmen-Friedl-Team-2025-768x1024.jpg\" alt=\"Friseur Neus\u00e4\u00df Augsburg _ Intercoiffure Carmen Friedl - Team aktuell\" width=\"768\" height=\"1024\" srcset=\"https:\/\/www.ic-carmen-friedl.de\/cf2019\/wp-content\/uploads\/2025\/11\/Intercoiffure-Carmen-Friedl-Team-2025-768x1024.jpg 768w, https:\/\/www.ic-carmen-friedl.de\/cf2019\/wp-content\/uploads\/2025\/11\/Intercoiffure-Carmen-Friedl-Team-2025-1152x1536.jpg 1152w, https:\/\/www.ic-carmen-friedl.de\/cf2019\/wp-content\/uploads\/2025\/11\/Intercoiffure-Carmen-Friedl-Team-2025-1536x2048.jpg 1536w, https:\/\/www.ic-carmen-friedl.de\/cf2019\/wp-content\/uploads\/2025\/11\/Intercoiffure-Carmen-Friedl-Team-2025-225x300.jpg 225w, https:\/\/www.ic-carmen-friedl.de\/cf2019\/wp-content\/uploads\/2025\/11\/Intercoiffure-Carmen-Friedl-Team-2025.jpg 1899w\" sizes=\"auto, (max-width: 768px) 100vw, 768px\" \/><\/a><\/p>\n<\/td>\n<\/tr>\n<tr style=\"height: 24px;\">\n<td style=\"width: 100%; border-style: none; height: 24px; text-align: center;\"><em><span style=\"font-family: trebuchet ms, geneva, sans-serif;\"><span style=\"font-size: 18pt;\"><span style=\"font-family: trebuchet ms, geneva, sans-serif; font-size: 14pt;\">F\u00fcr uns stehen Ihre Pers\u00f6nlichkeit und Individualit\u00e4t an erster Stelle. Dazu nehmen wir uns viel Zeit f\u00fcr die Beratung und setzen auf hochwertige und nachhaltige Produkte (unter anderem der Marke I.C.O.N.*)<\/span><\/span><\/span><\/em><\/td>\n<\/tr>\n<\/tbody>\n<\/table>\n<hr \/>\n<table style=\"border-collapse: collapse; width: 100%;\">\n<tbody>\n<tr>\n<td style=\"width: 100%;\">\n<table style=\"border-collapse: collapse; width: 100%;\">\n<tbody>\n<tr>\n<td style=\"width: 50%; text-align: center;\"><span style=\"font-family: 'trebuchet ms', geneva, sans-serif; font-size: 18pt;\">Vorher<\/span><\/td>\n<td style=\"width: 50%; text-align: center;\"><span style=\"font-family: 'trebuchet ms', geneva, sans-serif; font-size: 18pt;\">Nachher<\/span><\/td>\n<\/tr>\n<tr>\n<td style=\"width: 50%; text-align: center;\"><a href=\"https:\/\/ic-carmen-friedl.de\/cf2019\/vorher-nachher\/\"><img loading=\"lazy\" decoding=\"async\" class=\"aligncenter wp-image-1028 size-large\" src=\"https:\/\/www.ic-carmen-friedl.de\/cf2019\/wp-content\/uploads\/2026\/03\/IMG_0205-679x1024.jpeg\" alt=\"Haare vor Balayage\" width=\"679\" height=\"1024\" srcset=\"https:\/\/www.ic-carmen-friedl.de\/cf2019\/wp-content\/uploads\/2026\/03\/IMG_0205-679x1024.jpeg 679w, https:\/\/www.ic-carmen-friedl.de\/cf2019\/wp-content\/uploads\/2026\/03\/IMG_0205-1018x1536.jpeg 1018w, https:\/\/www.ic-carmen-friedl.de\/cf2019\/wp-content\/uploads\/2026\/03\/IMG_0205-1357x2048.jpeg 1357w, https:\/\/www.ic-carmen-friedl.de\/cf2019\/wp-content\/uploads\/2026\/03\/IMG_0205-199x300.jpeg 199w, https:\/\/www.ic-carmen-friedl.de\/cf2019\/wp-content\/uploads\/2026\/03\/IMG_0205-768x1159.jpeg 768w, https:\/\/www.ic-carmen-friedl.de\/cf2019\/wp-content\/uploads\/2026\/03\/IMG_0205-scaled.jpeg 1697w\" sizes=\"auto, (max-width: 679px) 100vw, 679px\" \/><\/a><\/td>\n<td style=\"width: 50%; text-align: center;\"><a href=\"https:\/\/www.ic-carmen-friedl.de\/cf2019\/vorher-nachher\/\"><img loading=\"lazy\" decoding=\"async\" class=\"aligncenter wp-image-1029 size-large\" src=\"https:\/\/www.ic-carmen-friedl.de\/cf2019\/wp-content\/uploads\/2026\/03\/IMG_0210-692x1024.jpeg\" alt=\"Haare nach Balayage\" width=\"692\" height=\"1024\" srcset=\"https:\/\/www.ic-carmen-friedl.de\/cf2019\/wp-content\/uploads\/2026\/03\/IMG_0210-692x1024.jpeg 692w, https:\/\/www.ic-carmen-friedl.de\/cf2019\/wp-content\/uploads\/2026\/03\/IMG_0210-1038x1536.jpeg 1038w, https:\/\/www.ic-carmen-friedl.de\/cf2019\/wp-content\/uploads\/2026\/03\/IMG_0210-1384x2048.jpeg 1384w, https:\/\/www.ic-carmen-friedl.de\/cf2019\/wp-content\/uploads\/2026\/03\/IMG_0210-203x300.jpeg 203w, https:\/\/www.ic-carmen-friedl.de\/cf2019\/wp-content\/uploads\/2026\/03\/IMG_0210-768x1136.jpeg 768w, https:\/\/www.ic-carmen-friedl.de\/cf2019\/wp-content\/uploads\/2026\/03\/IMG_0210-scaled.jpeg 1730w\" sizes=\"auto, (max-width: 692px) 100vw, 692px\" \/><\/a><\/td>\n<\/tr>\n<\/tbody>\n<\/table>\n<\/td>\n<\/tr>\n<\/tbody>\n<\/table>\n<p style=\"text-align: center;\"><span style=\"font-family: trebuchet ms, geneva, sans-serif; font-size: 18pt;\">Aktuelle Jobs: <a href=\"https:\/\/www.ic-carmen-friedl.de\/cf2019\/karriere\/\">Karriere<\/a><\/span><\/p>\n<hr \/>\n<p style=\"text-align: center;\"><span style=\"font-family: trebuchet ms, geneva, sans-serif; font-size: 18pt;\">Unsere <a href=\"https:\/\/www.ic-carmen-friedl.de\/cf2019\/frisuren-haarmode-kollektionen\/\">Brautfrisur<\/a> hat es in die TOP HAIR Fashion geschafft!<\/span><\/p>\n<p style=\"text-align: center;\"><a href=\"https:\/\/www.ic-carmen-friedl.de\/cf2019\/frisuren-haarmode-kollektionen\/\"><img loading=\"lazy\" decoding=\"async\" class=\"aligncenter wp-image-714 size-medium\" src=\"https:\/\/www.ic-carmen-friedl.de\/cf2019\/wp-content\/uploads\/2023\/09\/Karo_Braut_Studio-1-225x300.jpg\" alt=\"Brautfrisur\" width=\"225\" height=\"300\" srcset=\"https:\/\/www.ic-carmen-friedl.de\/cf2019\/wp-content\/uploads\/2023\/09\/Karo_Braut_Studio-1-225x300.jpg 225w, https:\/\/www.ic-carmen-friedl.de\/cf2019\/wp-content\/uploads\/2023\/09\/Karo_Braut_Studio-1-769x1024.jpg 769w, https:\/\/www.ic-carmen-friedl.de\/cf2019\/wp-content\/uploads\/2023\/09\/Karo_Braut_Studio-1-768x1023.jpg 768w, https:\/\/www.ic-carmen-friedl.de\/cf2019\/wp-content\/uploads\/2023\/09\/Karo_Braut_Studio-1-1153x1536.jpg 1153w, https:\/\/www.ic-carmen-friedl.de\/cf2019\/wp-content\/uploads\/2023\/09\/Karo_Braut_Studio-1-1538x2048.jpg 1538w, https:\/\/www.ic-carmen-friedl.de\/cf2019\/wp-content\/uploads\/2023\/09\/Karo_Braut_Studio-1.jpg 1600w\" sizes=\"auto, (max-width: 225px) 100vw, 225px\" \/><\/a><\/p>\n<hr \/>\n<p><span style=\"font-family: trebuchet ms, geneva, sans-serif; font-size: 14pt;\">Als Intercoiffure-Mitglied stehen unserem Friseur Salon Neus\u00e4\u00df zahlreiche erstklassige Fortbildungsm\u00f6glichkeiten zur Verf\u00fcgung, was eine der Grundlagen unseres hohen Anspruchs ist. Des weiteren nehmen wir regelm\u00e4\u00dfig an Schulungen der Firma I.C.O.N. teil. Diese finden in deren Akademie in Vigo (Spanien) statt. Dies erm\u00f6glicht es uns f\u00fcr Sie stet\u2019s \u00a0am Puls der Zeit zu sein.<\/span><span style=\"font-family: trebuchet ms, geneva, sans-serif; font-size: 14pt;\">Erleben Sie in unserem Salon in Neus\u00e4\u00df Herzlichkeit, kompetente Beratung, Qualit\u00e4t und viel Zeit f\u00fcr Sie und Ihre Bed\u00fcrfnisse. <\/span> <span style=\"font-family: trebuchet ms, geneva, sans-serif; font-size: 14pt;\">Wir lieben Haare und die Menschen dahinter. Lassen Sie uns Ihren ganz eigenen Look kreieren um Ihrer Pers\u00f6nlichkeit besonderen Ausdruck zu verleihen!\u00a0<\/span><\/p>\n<p style=\"text-align: center;\"><em><span style=\"font-family: trebuchet ms, geneva, sans-serif; font-size: 18pt;\">Folgen Sie uns auch auf Instagram!<\/span><\/em><\/p>\n<p><a href=\"https:\/\/instagram.com\/intercoiffurefriedl?igshid=YmMyMTA2M2Y=\"><img loading=\"lazy\" decoding=\"async\" class=\"aligncenter wp-image-655\" src=\"https:\/\/www.ic-carmen-friedl.de\/cf2019\/wp-content\/uploads\/2023\/01\/insta-logo-free-download-150x150.png\" alt=\"Instagram-Link\" width=\"100\" height=\"100\" srcset=\"https:\/\/www.ic-carmen-friedl.de\/cf2019\/wp-content\/uploads\/2023\/01\/insta-logo-free-download-150x150.png 150w, https:\/\/www.ic-carmen-friedl.de\/cf2019\/wp-content\/uploads\/2023\/01\/insta-logo-free-download-300x300.png 300w, https:\/\/www.ic-carmen-friedl.de\/cf2019\/wp-content\/uploads\/2023\/01\/insta-logo-free-download-768x768.png 768w, https:\/\/www.ic-carmen-friedl.de\/cf2019\/wp-content\/uploads\/2023\/01\/insta-logo-free-download.png 1000w\" sizes=\"auto, (max-width: 100px) 100vw, 100px\" \/><\/a><\/p>\n<hr \/>\n<p><span style=\"font-family: trebuchet ms, geneva, sans-serif; font-size: 10pt;\">* I.C.O.N.-Haarfarben bestehen zu 90% aus nat\u00fcrlichen Zutaten, ohne Ammoniak und ohne PPD. Sie sind die ultimative Darstellung von \u00d6kologie und Technologie. Sie sind formuliert mit speziell ausgesuchten Rohstoffen, homogenisiert mit den Prinzipien von n\u00e4hrenden Extrakten aus Kamille, Sonnenblumen, Oliven, Salbei, Goldfruchtbaum, Panthenol oder Aloe Vera. Die <\/span><span style=\"font-family: trebuchet ms, geneva, sans-serif; font-size: 10pt;\">Haarpflegeprodukte in unserem Friseur-Salon sind sulphatfrei und angereichert mit Vitaminen. Alle Produkte sind farbfreundlich. Unsere Produktformeln arbeiten optimal wenn sie kombiniert werden. Shampoo, Conditioner und Treatments sind so angelegt, dass sie zusammen das Haar ideal f\u00fcr das Styling vorbereiten und reparieren. <\/span><\/p>\n<p>&nbsp;<\/p>\n<p>&nbsp;<\/p>\n","protected":false},"excerpt":{"rendered":"<p>Friseur in Neus\u00e4\u00df f\u00fcr moderne Stylings, Balayage &amp; Make-up<\/p>\n","protected":false},"author":1,"featured_media":0,"parent":0,"menu_order":0,"comment_status":"closed","ping_status":"closed","template":"","meta":{"footnotes":""},"class_list":["post-34","page","type-page","status-publish","hentry","entry"],"_links":{"self":[{"href":"https:\/\/www.ic-carmen-friedl.de\/cf2019\/wp-json\/wp\/v2\/pages\/34","targetHints":{"allow":["GET"]}}],"collection":[{"href":"https:\/\/www.ic-carmen-friedl.de\/cf2019\/wp-json\/wp\/v2\/pages"}],"about":[{"href":"https:\/\/www.ic-carmen-friedl.de\/cf2019\/wp-json\/wp\/v2\/types\/page"}],"author":[{"embeddable":true,"href":"https:\/\/www.ic-carmen-friedl.de\/cf2019\/wp-json\/wp\/v2\/users\/1"}],"replies":[{"embeddable":true,"href":"https:\/\/www.ic-carmen-friedl.de\/cf2019\/wp-json\/wp\/v2\/comments?post=34"}],"version-history":[{"count":147,"href":"https:\/\/www.ic-carmen-friedl.de\/cf2019\/wp-json\/wp\/v2\/pages\/34\/revisions"}],"predecessor-version":[{"id":1041,"href":"https:\/\/www.ic-carmen-friedl.de\/cf2019\/wp-json\/wp\/v2\/pages\/34\/revisions\/1041"}],"wp:attachment":[{"href":"https:\/\/www.ic-carmen-friedl.de\/cf2019\/wp-json\/wp\/v2\/media?parent=34"}],"curies":[{"name":"wp","href":"https:\/\/api.w.org\/{rel}","templated":true}]}}