{"id":762,"date":"2023-12-11T17:12:42","date_gmt":"2023-12-11T16:12:42","guid":{"rendered":"https:\/\/www.ic-carmen-friedl.de\/cf2019\/?page_id=762"},"modified":"2023-12-11T17:38:27","modified_gmt":"2023-12-11T16:38:27","slug":"termin","status":"publish","type":"page","link":"https:\/\/www.ic-carmen-friedl.de\/cf2019\/termin\/","title":{"rendered":"Termin"},"content":{"rendered":"<p><span style=\"font-family: trebuchet ms, geneva, sans-serif;\">Hier k\u00f6nnen Sie ganz einfach und bequem Ihren n\u00e4chsten Termin online buchen, unabh\u00e4ngig von unseren \u00d6ffnungszeiten: <\/span><\/p>\n<p><a href=\"https:\/\/www.studiobookr.com\/intercoiffure-carmen-friedl-67286\"><span style=\"font-family: trebuchet ms, geneva, sans-serif; font-size: 18pt;\">Termine buchen<\/span><\/a><\/p>\n<p>&nbsp;<\/p>\n<hr \/>\n<h3><\/h3>\n","protected":false},"excerpt":{"rendered":"<p>Hier k\u00f6nnen Sie ganz einfach und bequem Ihren n\u00e4chsten Termin online buchen, unabh\u00e4ngig von unseren \u00d6ffnungszeiten: Termine buchen &nbsp;<\/p>\n","protected":false},"author":1,"featured_media":0,"parent":0,"menu_order":0,"comment_status":"closed","ping_status":"closed","template":"","meta":{"footnotes":""},"class_list":["post-762","page","type-page","status-publish","hentry","entry"],"_links":{"self":[{"href":"https:\/\/www.ic-carmen-friedl.de\/cf2019\/wp-json\/wp\/v2\/pages\/762","targetHints":{"allow":["GET"]}}],"collection":[{"href":"https:\/\/www.ic-carmen-friedl.de\/cf2019\/wp-json\/wp\/v2\/pages"}],"about":[{"href":"https:\/\/www.ic-carmen-friedl.de\/cf2019\/wp-json\/wp\/v2\/types\/page"}],"author":[{"embeddable":true,"href":"https:\/\/www.ic-carmen-friedl.de\/cf2019\/wp-json\/wp\/v2\/users\/1"}],"replies":[{"embeddable":true,"href":"https:\/\/www.ic-carmen-friedl.de\/cf2019\/wp-json\/wp\/v2\/comments?post=762"}],"version-history":[{"count":4,"href":"https:\/\/www.ic-carmen-friedl.de\/cf2019\/wp-json\/wp\/v2\/pages\/762\/revisions"}],"predecessor-version":[{"id":768,"href":"https:\/\/www.ic-carmen-friedl.de\/cf2019\/wp-json\/wp\/v2\/pages\/762\/revisions\/768"}],"wp:attachment":[{"href":"https:\/\/www.ic-carmen-friedl.de\/cf2019\/wp-json\/wp\/v2\/media?parent=762"}],"curies":[{"name":"wp","href":"https:\/\/api.w.org\/{rel}","templated":true}]}}